{"id":417,"date":"2025-09-29T11:03:41","date_gmt":"2025-09-29T09:03:41","guid":{"rendered":"https:\/\/torreblancainteriorismo.com\/torreblanca\/"},"modified":"2026-04-14T08:00:11","modified_gmt":"2026-04-14T06:00:11","slug":"torreblanca","status":"publish","type":"page","link":"https:\/\/torreblancainteriorismo.com\/ca\/torreblanca\/","title":{"rendered":"Torreblanca"},"content":{"rendered":"\t\t<div data-elementor-type=\"wp-page\" data-elementor-id=\"417\" class=\"elementor elementor-417 elementor-277\" data-elementor-post-type=\"page\">\n\t\t\t\t\t\t<section class=\"elementor-section elementor-top-section elementor-element elementor-element-ed72915 elementor-section-full_width elementor-section-height-min-height elementor-section-height-default elementor-section-items-middle elementor-invisible\" data-id=\"ed72915\" data-element_type=\"section\" data-settings=\"{&quot;background_background&quot;:&quot;classic&quot;,&quot;animation&quot;:&quot;fadeIn&quot;}\">\n\t\t\t\t\t\t<div class=\"elementor-container elementor-column-gap-default\">\n\t\t\t\t\t<div class=\"elementor-column elementor-col-100 elementor-top-column elementor-element elementor-element-2f6555e\" data-id=\"2f6555e\" data-element_type=\"column\">\n\t\t\t<div class=\"elementor-widget-wrap\">\n\t\t\t\t\t\t\t<\/div>\n\t\t<\/div>\n\t\t\t\t\t<\/div>\n\t\t<\/section>\n\t\t\t\t<section class=\"elementor-section elementor-top-section elementor-element elementor-element-3ee7d6c elementor-section-full_width proyectos proyecto-4 elementor-section-height-default elementor-section-height-default elementor-invisible\" data-id=\"3ee7d6c\" data-element_type=\"section\" data-settings=\"{&quot;animation&quot;:&quot;fadeIn&quot;}\">\n\t\t\t\t\t\t<div class=\"elementor-container elementor-column-gap-default\">\n\t\t\t\t\t<div class=\"elementor-column elementor-col-100 elementor-top-column elementor-element elementor-element-c8e0f0f\" data-id=\"c8e0f0f\" data-element_type=\"column\">\n\t\t\t<div class=\"elementor-widget-wrap elementor-element-populated\">\n\t\t\t\t\t\t<section class=\"elementor-section elementor-inner-section elementor-element elementor-element-e2d154c elementor-section-full_width elementor-section-height-default elementor-section-height-default\" data-id=\"e2d154c\" data-element_type=\"section\" data-settings=\"{&quot;background_background&quot;:&quot;classic&quot;}\">\n\t\t\t\t\t\t<div class=\"elementor-container elementor-column-gap-default\">\n\t\t\t\t\t<div class=\"elementor-column elementor-col-100 elementor-inner-column elementor-element elementor-element-bdd6bf6\" data-id=\"bdd6bf6\" data-element_type=\"column\">\n\t\t\t<div class=\"elementor-widget-wrap elementor-element-populated\">\n\t\t\t\t\t\t<div class=\"elementor-element elementor-element-deed517 elementor-widget__width-auto elementor-widget-mobile__width-inherit elementor-invisible elementor-widget elementor-widget-heading\" data-id=\"deed517\" data-element_type=\"widget\" data-settings=\"{&quot;_animation&quot;:&quot;fadeInRight&quot;}\" data-widget_type=\"heading.default\">\n\t\t\t\t<div class=\"elementor-widget-container\">\n\t\t\t\t\t<p class=\"elementor-heading-title elementor-size-default\">Torreblanca interiorisme<\/p>\t\t\t\t<\/div>\n\t\t\t\t<\/div>\n\t\t\t\t\t<\/div>\n\t\t<\/div>\n\t\t\t\t\t<\/div>\n\t\t<\/section>\n\t\t\t\t\t<\/div>\n\t\t<\/div>\n\t\t\t\t\t<\/div>\n\t\t<\/section>\n\t\t\t\t<section class=\"elementor-section elementor-top-section elementor-element elementor-element-9f398b2 elementor-section-full_width elementor-section-height-default elementor-section-height-default\" data-id=\"9f398b2\" data-element_type=\"section\" data-settings=\"{&quot;background_background&quot;:&quot;classic&quot;}\">\n\t\t\t\t\t\t<div class=\"elementor-container elementor-column-gap-default\">\n\t\t\t\t\t<div class=\"elementor-column elementor-col-50 elementor-top-column elementor-element elementor-element-62eba1f\" data-id=\"62eba1f\" data-element_type=\"column\">\n\t\t\t<div class=\"elementor-widget-wrap elementor-element-populated\">\n\t\t\t\t\t\t<div class=\"elementor-element elementor-element-bcad718 elementor-widget__width-initial elementor-widget-mobile__width-inherit elementor-invisible elementor-widget elementor-widget-heading\" data-id=\"bcad718\" data-element_type=\"widget\" data-settings=\"{&quot;_animation&quot;:&quot;fadeIn&quot;}\" data-widget_type=\"heading.default\">\n\t\t\t\t<div class=\"elementor-widget-container\">\n\t\t\t\t\t<h2 class=\"elementor-heading-title elementor-size-default\">La perseveran\u00e7a \u00e9s el secret de tots els triomfs<\/h2>\t\t\t\t<\/div>\n\t\t\t\t<\/div>\n\t\t\t\t<div class=\"elementor-element elementor-element-2c122ab elementor-invisible elementor-widget elementor-widget-image\" data-id=\"2c122ab\" data-element_type=\"widget\" data-settings=\"{&quot;_animation&quot;:&quot;fadeInUp&quot;}\" data-widget_type=\"image.default\">\n\t\t\t\t<div class=\"elementor-widget-container\">\n\t\t\t\t\t\t\t\t\t\t\t\t\t\t\t<img fetchpriority=\"high\" decoding=\"async\" width=\"900\" height=\"1061\" src=\"https:\/\/torreblancainteriorismo.com\/wp-content\/uploads\/2025\/09\/Torreblanca-restaurante.webp\" class=\"attachment-full size-full wp-image-409\" alt=\"\" srcset=\"https:\/\/torreblancainteriorismo.com\/wp-content\/uploads\/2025\/09\/Torreblanca-restaurante.webp 900w, https:\/\/torreblancainteriorismo.com\/wp-content\/uploads\/2025\/09\/Torreblanca-restaurante-254x300.webp 254w, https:\/\/torreblancainteriorismo.com\/wp-content\/uploads\/2025\/09\/Torreblanca-restaurante-869x1024.webp 869w, https:\/\/torreblancainteriorismo.com\/wp-content\/uploads\/2025\/09\/Torreblanca-restaurante-768x905.webp 768w\" sizes=\"(max-width: 900px) 100vw, 900px\" \/>\t\t\t\t\t\t\t\t\t\t\t\t\t\t\t<\/div>\n\t\t\t\t<\/div>\n\t\t\t\t<div class=\"elementor-element elementor-element-1aba2ae elementor-widget__width-initial elementor-widget-mobile__width-inherit elementor-invisible elementor-widget elementor-widget-text-editor\" data-id=\"1aba2ae\" data-element_type=\"widget\" data-settings=\"{&quot;_animation&quot;:&quot;fadeIn&quot;}\" data-widget_type=\"text-editor.default\">\n\t\t\t\t<div class=\"elementor-widget-container\">\n\t\t\t\t\t\t\t\t\t<p>Al m\u00f3n de l&#8217;interiorisme, cada espai explica una hist\u00f2ria i reflecteix la personalitat dels qui l&#8217;habiten.<\/p>\t\t\t\t\t\t\t\t<\/div>\n\t\t\t\t<\/div>\n\t\t\t\t\t<\/div>\n\t\t<\/div>\n\t\t\t\t<div class=\"elementor-column elementor-col-50 elementor-top-column elementor-element elementor-element-dbaf36e\" data-id=\"dbaf36e\" data-element_type=\"column\">\n\t\t\t<div class=\"elementor-widget-wrap elementor-element-populated\">\n\t\t\t\t\t\t<div class=\"elementor-element elementor-element-2064b50 elementor-invisible elementor-widget elementor-widget-image\" data-id=\"2064b50\" data-element_type=\"widget\" data-settings=\"{&quot;_animation&quot;:&quot;fadeInUp&quot;}\" data-widget_type=\"image.default\">\n\t\t\t\t<div class=\"elementor-widget-container\">\n\t\t\t\t\t\t\t\t\t\t\t\t\t\t\t<img decoding=\"async\" width=\"1200\" height=\"1549\" src=\"https:\/\/torreblancainteriorismo.com\/wp-content\/uploads\/2025\/09\/Torreblanca-oficinas.webp\" class=\"attachment-full size-full wp-image-410\" alt=\"\" srcset=\"https:\/\/torreblancainteriorismo.com\/wp-content\/uploads\/2025\/09\/Torreblanca-oficinas.webp 1200w, https:\/\/torreblancainteriorismo.com\/wp-content\/uploads\/2025\/09\/Torreblanca-oficinas-232x300.webp 232w, https:\/\/torreblancainteriorismo.com\/wp-content\/uploads\/2025\/09\/Torreblanca-oficinas-793x1024.webp 793w, https:\/\/torreblancainteriorismo.com\/wp-content\/uploads\/2025\/09\/Torreblanca-oficinas-768x991.webp 768w, https:\/\/torreblancainteriorismo.com\/wp-content\/uploads\/2025\/09\/Torreblanca-oficinas-1190x1536.webp 1190w\" sizes=\"(max-width: 1200px) 100vw, 1200px\" \/>\t\t\t\t\t\t\t\t\t\t\t\t\t\t\t<\/div>\n\t\t\t\t<\/div>\n\t\t\t\t\t<\/div>\n\t\t<\/div>\n\t\t\t\t\t<\/div>\n\t\t<\/section>\n\t\t\t\t<section class=\"elementor-section elementor-top-section elementor-element elementor-element-455f83c elementor-section-boxed elementor-section-height-default elementor-section-height-default\" data-id=\"455f83c\" data-element_type=\"section\" data-settings=\"{&quot;background_background&quot;:&quot;classic&quot;}\">\n\t\t\t\t\t\t<div class=\"elementor-container elementor-column-gap-default\">\n\t\t\t\t\t<div class=\"elementor-column elementor-col-100 elementor-top-column elementor-element elementor-element-201d62d\" data-id=\"201d62d\" data-element_type=\"column\">\n\t\t\t<div class=\"elementor-widget-wrap elementor-element-populated\">\n\t\t\t\t\t\t<div class=\"elementor-element elementor-element-73221b5 elementor-widget elementor-widget-heading\" data-id=\"73221b5\" data-element_type=\"widget\" data-widget_type=\"heading.default\">\n\t\t\t\t<div class=\"elementor-widget-container\">\n\t\t\t\t\t<h2 class=\"elementor-heading-title elementor-size-default\">Rodrigo Torreblanca, apassionat del disseny, l'arquitectura d'interiors i l'est\u00e8tica funcional, ha fet de l'interiorisme la forma de vida. La seva missi\u00f3 va molt m\u00e9s enll\u00e0 de decorar: se centra a transformar espais per millorar la qualitat de vida dels qui els habiten, combinant harmonia visual, confort i solucions pr\u00e0ctiques a cada projecte.<\/h2>\t\t\t\t<\/div>\n\t\t\t\t<\/div>\n\t\t\t\t<div class=\"elementor-element elementor-element-ace266c elementor-widget__width-initial elementor-widget-tablet__width-inherit elementor-widget elementor-widget-text-editor\" data-id=\"ace266c\" data-element_type=\"widget\" data-widget_type=\"text-editor.default\">\n\t\t\t\t<div class=\"elementor-widget-container\">\n\t\t\t\t\t\t\t\t\t<p>Amb una visi\u00f3 clara i sensibilitat pels detalls, Rodrigo aposta per un interiorisme que equilibra bellesa i utilitat, aconseguint ambients on cada element t\u00e9 un prop\u00f2sit. Des de petits retocs fins a reformes integrals, el seu enfocament sempre \u00e9s personalitzat, proper i comprom\u00e8s amb les necessitats reals de cada client.<\/p>\t\t\t\t\t\t\t\t<\/div>\n\t\t\t\t<\/div>\n\t\t\t\t\t<\/div>\n\t\t<\/div>\n\t\t\t\t\t<\/div>\n\t\t<\/section>\n\t\t\t\t<section class=\"elementor-section elementor-top-section elementor-element elementor-element-f5055df elementor-section-full_width elementor-section-height-default elementor-section-height-default\" data-id=\"f5055df\" data-element_type=\"section\" data-settings=\"{&quot;background_background&quot;:&quot;classic&quot;}\">\n\t\t\t\t\t\t<div class=\"elementor-container elementor-column-gap-default\">\n\t\t\t\t\t<div class=\"elementor-column elementor-col-100 elementor-top-column elementor-element elementor-element-51b9fbc\" data-id=\"51b9fbc\" data-element_type=\"column\">\n\t\t\t<div class=\"elementor-widget-wrap elementor-element-populated\">\n\t\t\t\t\t\t<div class=\"elementor-element elementor-element-03446ee elementor-widget__width-initial elementor-widget elementor-widget-text-editor\" data-id=\"03446ee\" data-element_type=\"widget\" data-widget_type=\"text-editor.default\">\n\t\t\t\t<div class=\"elementor-widget-container\">\n\t\t\t\t\t\t\t\t\t<p>Al costat del seu equip de professionals, coordina projectes de reforma i disseny de principi a fi, assegurant un acompanyament constant, una execuci\u00f3 cuidada i resultats duradors. El seu treball inclou tant habitatges particulars com espais comercials i hostaleria, sempre adaptant el disseny a l&#8217;estil de vida, la identitat de marca o la funcionalitat desitjada.<\/p><p>Radicat a la zona del Maresme, Rodrigo ha desenvolupat una s\u00f2lida traject\u00f2ria en el disseny d&#8217;interiors i ha aportat valor a llars, restaurants, oficines i negocis de la zona. Els seus projectes es distingeixen pel seu estil fresc, actual i atemporal on la personalitzaci\u00f3 i el tracte hum\u00e0 s\u00f3n el segell d&#8217;identitat.<\/p><p>A Torreblanca Interiorisme, cada projecte \u00e9s una oportunitat per crear una cosa \u00fanica, que no nom\u00e9s llueixi b\u00e9, sin\u00f3 que se senti com a llar.<\/p>\t\t\t\t\t\t\t\t<\/div>\n\t\t\t\t<\/div>\n\t\t\t\t<div class=\"elementor-element elementor-element-ba81beb elementor-widget elementor-widget-image-gallery\" data-id=\"ba81beb\" data-element_type=\"widget\" data-widget_type=\"image-gallery.default\">\n\t\t\t\t<div class=\"elementor-widget-container\">\n\t\t\t\t\t\t\t<div class=\"elementor-image-gallery\">\n\t\t\t<div id='gallery-1' class='gallery galleryid-417 gallery-columns-5 gallery-size-full'><figure class='gallery-item'>\n\t\t\t<div class='gallery-icon landscape'>\n\t\t\t\t<img decoding=\"async\" width=\"500\" height=\"499\" src=\"https:\/\/torreblancainteriorismo.com\/wp-content\/uploads\/2025\/09\/Torreblanca-cocina.webp\" class=\"attachment-full size-full\" alt=\"\" srcset=\"https:\/\/torreblancainteriorismo.com\/wp-content\/uploads\/2025\/09\/Torreblanca-cocina.webp 500w, https:\/\/torreblancainteriorismo.com\/wp-content\/uploads\/2025\/09\/Torreblanca-cocina-300x300.webp 300w, https:\/\/torreblancainteriorismo.com\/wp-content\/uploads\/2025\/09\/Torreblanca-cocina-150x150.webp 150w\" sizes=\"(max-width: 500px) 100vw, 500px\" \/>\n\t\t\t<\/div><\/figure><figure class='gallery-item'>\n\t\t\t<div class='gallery-icon landscape'>\n\t\t\t\t<img loading=\"lazy\" decoding=\"async\" width=\"500\" height=\"499\" src=\"https:\/\/torreblancainteriorismo.com\/wp-content\/uploads\/2025\/09\/Torreblanca-restaurante-exterior.webp\" class=\"attachment-full size-full\" alt=\"\" srcset=\"https:\/\/torreblancainteriorismo.com\/wp-content\/uploads\/2025\/09\/Torreblanca-restaurante-exterior.webp 500w, https:\/\/torreblancainteriorismo.com\/wp-content\/uploads\/2025\/09\/Torreblanca-restaurante-exterior-300x300.webp 300w, https:\/\/torreblancainteriorismo.com\/wp-content\/uploads\/2025\/09\/Torreblanca-restaurante-exterior-150x150.webp 150w\" sizes=\"(max-width: 500px) 100vw, 500px\" \/>\n\t\t\t<\/div><\/figure><figure class='gallery-item'>\n\t\t\t<div class='gallery-icon landscape'>\n\t\t\t\t<img loading=\"lazy\" decoding=\"async\" width=\"500\" height=\"499\" src=\"https:\/\/torreblancainteriorismo.com\/wp-content\/uploads\/2025\/09\/Torreblanca-restaurante-interior.webp\" class=\"attachment-full size-full\" alt=\"\" srcset=\"https:\/\/torreblancainteriorismo.com\/wp-content\/uploads\/2025\/09\/Torreblanca-restaurante-interior.webp 500w, https:\/\/torreblancainteriorismo.com\/wp-content\/uploads\/2025\/09\/Torreblanca-restaurante-interior-300x300.webp 300w, https:\/\/torreblancainteriorismo.com\/wp-content\/uploads\/2025\/09\/Torreblanca-restaurante-interior-150x150.webp 150w\" sizes=\"(max-width: 500px) 100vw, 500px\" \/>\n\t\t\t<\/div><\/figure><figure class='gallery-item'>\n\t\t\t<div class='gallery-icon landscape'>\n\t\t\t\t<img loading=\"lazy\" decoding=\"async\" width=\"500\" height=\"499\" src=\"https:\/\/torreblancainteriorismo.com\/wp-content\/uploads\/2025\/09\/Torreblanca-casa.webp\" class=\"attachment-full size-full\" alt=\"\" srcset=\"https:\/\/torreblancainteriorismo.com\/wp-content\/uploads\/2025\/09\/Torreblanca-casa.webp 500w, https:\/\/torreblancainteriorismo.com\/wp-content\/uploads\/2025\/09\/Torreblanca-casa-300x300.webp 300w, https:\/\/torreblancainteriorismo.com\/wp-content\/uploads\/2025\/09\/Torreblanca-casa-150x150.webp 150w\" sizes=\"(max-width: 500px) 100vw, 500px\" \/>\n\t\t\t<\/div><\/figure><figure class='gallery-item'>\n\t\t\t<div class='gallery-icon landscape'>\n\t\t\t\t<img loading=\"lazy\" decoding=\"async\" width=\"500\" height=\"499\" src=\"https:\/\/torreblancainteriorismo.com\/wp-content\/uploads\/2025\/09\/Torreblanca-oficinas-sala-grande.webp\" class=\"attachment-full size-full\" alt=\"\" srcset=\"https:\/\/torreblancainteriorismo.com\/wp-content\/uploads\/2025\/09\/Torreblanca-oficinas-sala-grande.webp 500w, https:\/\/torreblancainteriorismo.com\/wp-content\/uploads\/2025\/09\/Torreblanca-oficinas-sala-grande-300x300.webp 300w, https:\/\/torreblancainteriorismo.com\/wp-content\/uploads\/2025\/09\/Torreblanca-oficinas-sala-grande-150x150.webp 150w\" sizes=\"(max-width: 500px) 100vw, 500px\" \/>\n\t\t\t<\/div><\/figure>\n\t\t<\/div>\n\t\t<\/div>\n\t\t\t\t\t\t<\/div>\n\t\t\t\t<\/div>\n\t\t\t\t\t<\/div>\n\t\t<\/div>\n\t\t\t\t\t<\/div>\n\t\t<\/section>\n\t\t\t\t<\/div>\n\t\t","protected":false},"excerpt":{"rendered":"<p>Torreblanca interiorisme La perseveran\u00e7a \u00e9s el secret de tots els triomfs Al m\u00f3n de l&#8217;interiorisme, cada espai explica una hist\u00f2ria i reflecteix la personalitat dels qui l&#8217;habiten. Rodrigo Torreblanca, apassionat del disseny, l&#8217;arquitectura d&#8217;interiors i l&#8217;est\u00e8tica funcional, ha fet de l&#8217;interiorisme la forma de vida. La seva missi\u00f3 va molt m\u00e9s enll\u00e0 de decorar: se [&hellip;]<\/p>\n","protected":false},"author":1,"featured_media":0,"parent":0,"menu_order":0,"comment_status":"closed","ping_status":"closed","template":"","meta":{"_acf_changed":false,"footnotes":""},"class_list":["post-417","page","type-page","status-publish","hentry"],"acf":[],"_links":{"self":[{"href":"https:\/\/torreblancainteriorismo.com\/ca\/wp-json\/wp\/v2\/pages\/417","targetHints":{"allow":["GET"]}}],"collection":[{"href":"https:\/\/torreblancainteriorismo.com\/ca\/wp-json\/wp\/v2\/pages"}],"about":[{"href":"https:\/\/torreblancainteriorismo.com\/ca\/wp-json\/wp\/v2\/types\/page"}],"author":[{"embeddable":true,"href":"https:\/\/torreblancainteriorismo.com\/ca\/wp-json\/wp\/v2\/users\/1"}],"replies":[{"embeddable":true,"href":"https:\/\/torreblancainteriorismo.com\/ca\/wp-json\/wp\/v2\/comments?post=417"}],"version-history":[{"count":4,"href":"https:\/\/torreblancainteriorismo.com\/ca\/wp-json\/wp\/v2\/pages\/417\/revisions"}],"predecessor-version":[{"id":477,"href":"https:\/\/torreblancainteriorismo.com\/ca\/wp-json\/wp\/v2\/pages\/417\/revisions\/477"}],"wp:attachment":[{"href":"https:\/\/torreblancainteriorismo.com\/ca\/wp-json\/wp\/v2\/media?parent=417"}],"curies":[{"name":"wp","href":"https:\/\/api.w.org\/{rel}","templated":true}]}}