{"id":406,"date":"2025-09-29T10:54:35","date_gmt":"2025-09-29T08:54:35","guid":{"rendered":"https:\/\/torreblancainteriorismo.com\/serveis\/"},"modified":"2025-11-03T14:04:57","modified_gmt":"2025-11-03T13:04:57","slug":"serveis","status":"publish","type":"page","link":"https:\/\/torreblancainteriorismo.com\/ca\/serveis\/","title":{"rendered":"Serveis"},"content":{"rendered":"\t\t<div data-elementor-type=\"wp-page\" data-elementor-id=\"406\" class=\"elementor elementor-406 elementor-257\" data-elementor-post-type=\"page\">\n\t\t\t\t\t\t<section class=\"elementor-section elementor-top-section elementor-element elementor-element-ed72915 elementor-section-full_width elementor-section-height-min-height elementor-section-height-default elementor-section-items-middle elementor-invisible\" data-id=\"ed72915\" data-element_type=\"section\" data-settings=\"{&quot;background_background&quot;:&quot;classic&quot;,&quot;animation&quot;:&quot;fadeIn&quot;}\">\n\t\t\t\t\t\t<div class=\"elementor-container elementor-column-gap-default\">\n\t\t\t\t\t<div class=\"elementor-column elementor-col-100 elementor-top-column elementor-element elementor-element-2f6555e\" data-id=\"2f6555e\" data-element_type=\"column\">\n\t\t\t<div class=\"elementor-widget-wrap\">\n\t\t\t\t\t\t\t<\/div>\n\t\t<\/div>\n\t\t\t\t\t<\/div>\n\t\t<\/section>\n\t\t\t\t<section class=\"elementor-section elementor-top-section elementor-element elementor-element-3ee7d6c elementor-section-full_width proyectos proyecto-4 elementor-section-height-default elementor-section-height-default elementor-invisible\" data-id=\"3ee7d6c\" data-element_type=\"section\" data-settings=\"{&quot;animation&quot;:&quot;fadeIn&quot;}\">\n\t\t\t\t\t\t<div class=\"elementor-container elementor-column-gap-default\">\n\t\t\t\t\t<div class=\"elementor-column elementor-col-100 elementor-top-column elementor-element elementor-element-c8e0f0f\" data-id=\"c8e0f0f\" data-element_type=\"column\">\n\t\t\t<div class=\"elementor-widget-wrap elementor-element-populated\">\n\t\t\t\t\t\t<section class=\"elementor-section elementor-inner-section elementor-element elementor-element-e2d154c elementor-section-full_width elementor-section-height-default elementor-section-height-default\" data-id=\"e2d154c\" data-element_type=\"section\" data-settings=\"{&quot;background_background&quot;:&quot;classic&quot;}\">\n\t\t\t\t\t\t<div class=\"elementor-container elementor-column-gap-default\">\n\t\t\t\t\t<div class=\"elementor-column elementor-col-100 elementor-inner-column elementor-element elementor-element-bdd6bf6\" data-id=\"bdd6bf6\" data-element_type=\"column\">\n\t\t\t<div class=\"elementor-widget-wrap elementor-element-populated\">\n\t\t\t\t\t\t<div class=\"elementor-element elementor-element-2af86a0 elementor-widget__width-auto elementor-widget-mobile__width-inherit elementor-invisible elementor-widget elementor-widget-heading\" data-id=\"2af86a0\" data-element_type=\"widget\" data-settings=\"{&quot;_animation&quot;:&quot;fadeInLeft&quot;}\" data-widget_type=\"heading.default\">\n\t\t\t\t<div class=\"elementor-widget-container\">\n\t\t\t\t\t<p class=\"elementor-heading-title elementor-size-default\">Serveis<\/p>\t\t\t\t<\/div>\n\t\t\t\t<\/div>\n\t\t\t\t<div class=\"elementor-element elementor-element-deed517 elementor-widget__width-auto elementor-widget-mobile__width-inherit elementor-invisible elementor-widget elementor-widget-heading\" data-id=\"deed517\" data-element_type=\"widget\" data-settings=\"{&quot;_animation&quot;:&quot;fadeInRight&quot;}\" data-widget_type=\"heading.default\">\n\t\t\t\t<div class=\"elementor-widget-container\">\n\t\t\t\t\t<p class=\"elementor-heading-title elementor-size-default\">Torreblanca interiorisme<\/p>\t\t\t\t<\/div>\n\t\t\t\t<\/div>\n\t\t\t\t\t<\/div>\n\t\t<\/div>\n\t\t\t\t\t<\/div>\n\t\t<\/section>\n\t\t\t\t<section class=\"elementor-section elementor-inner-section elementor-element elementor-element-d46fa7b elementor-section-full_width elementor-section-height-default elementor-section-height-default\" data-id=\"d46fa7b\" data-element_type=\"section\" data-settings=\"{&quot;background_background&quot;:&quot;classic&quot;}\">\n\t\t\t\t\t\t<div class=\"elementor-container elementor-column-gap-default\">\n\t\t\t\t\t<div class=\"elementor-column elementor-col-50 elementor-inner-column elementor-element elementor-element-b903197\" data-id=\"b903197\" data-element_type=\"column\">\n\t\t\t<div class=\"elementor-widget-wrap elementor-element-populated\">\n\t\t\t\t\t\t<div class=\"elementor-element elementor-element-9327829 elementor-invisible elementor-widget elementor-widget-text-editor\" data-id=\"9327829\" data-element_type=\"widget\" data-settings=\"{&quot;_animation&quot;:&quot;fadeIn&quot;}\" data-widget_type=\"text-editor.default\">\n\t\t\t\t<div class=\"elementor-widget-container\">\n\t\t\t\t\t\t\t\t\t<p>Benvinguts a Torreblanca Interiorisme, on transformem espais en llocs \u00fanics, funcionals i amb \u00e0nima pr\u00f2pia. Ens especialitzem en projectes d&#8217;interiorisme a mida, tant per a particulars com per a negocis, posant passi\u00f3, creativitat i comprom\u00eds en cada detall.<\/p>\t\t\t\t\t\t\t\t<\/div>\n\t\t\t\t<\/div>\n\t\t\t\t<div class=\"elementor-element elementor-element-9f743ff elementor-widget__width-initial elementor-invisible elementor-widget elementor-widget-image\" data-id=\"9f743ff\" data-element_type=\"widget\" data-settings=\"{&quot;_animation&quot;:&quot;fadeInLeft&quot;}\" data-widget_type=\"image.default\">\n\t\t\t\t<div class=\"elementor-widget-container\">\n\t\t\t\t\t\t\t\t\t\t\t\t\t\t\t<img fetchpriority=\"high\" decoding=\"async\" width=\"1152\" height=\"104\" src=\"https:\/\/torreblancainteriorismo.com\/wp-content\/uploads\/2025\/09\/Lineas.webp\" class=\"attachment-full size-full wp-image-398\" alt=\"\" srcset=\"https:\/\/torreblancainteriorismo.com\/wp-content\/uploads\/2025\/09\/Lineas.webp 1152w, https:\/\/torreblancainteriorismo.com\/wp-content\/uploads\/2025\/09\/Lineas-300x27.webp 300w, https:\/\/torreblancainteriorismo.com\/wp-content\/uploads\/2025\/09\/Lineas-1024x92.webp 1024w, https:\/\/torreblancainteriorismo.com\/wp-content\/uploads\/2025\/09\/Lineas-768x69.webp 768w\" sizes=\"(max-width: 1152px) 100vw, 1152px\" \/>\t\t\t\t\t\t\t\t\t\t\t\t\t\t\t<\/div>\n\t\t\t\t<\/div>\n\t\t\t\t\t<\/div>\n\t\t<\/div>\n\t\t\t\t<div class=\"elementor-column elementor-col-50 elementor-inner-column elementor-element elementor-element-bdd5b18\" data-id=\"bdd5b18\" data-element_type=\"column\">\n\t\t\t<div class=\"elementor-widget-wrap\">\n\t\t\t\t\t\t\t<\/div>\n\t\t<\/div>\n\t\t\t\t\t<\/div>\n\t\t<\/section>\n\t\t\t\t\t<\/div>\n\t\t<\/div>\n\t\t\t\t\t<\/div>\n\t\t<\/section>\n\t\t\t\t<section class=\"elementor-section elementor-top-section elementor-element elementor-element-9f398b2 elementor-section-full_width elementor-hidden-tablet elementor-hidden-mobile elementor-section-height-default elementor-section-height-default\" data-id=\"9f398b2\" data-element_type=\"section\" data-settings=\"{&quot;background_background&quot;:&quot;classic&quot;}\">\n\t\t\t\t\t\t<div class=\"elementor-container elementor-column-gap-default\">\n\t\t\t\t\t<div class=\"elementor-column elementor-col-33 elementor-top-column elementor-element elementor-element-6ec59e2\" data-id=\"6ec59e2\" data-element_type=\"column\">\n\t\t\t<div class=\"elementor-widget-wrap elementor-element-populated\">\n\t\t\t\t\t\t<div class=\"elementor-element elementor-element-581aac4 elementor-invisible elementor-widget elementor-widget-image\" data-id=\"581aac4\" data-element_type=\"widget\" data-settings=\"{&quot;_animation&quot;:&quot;fadeInUp&quot;}\" data-widget_type=\"image.default\">\n\t\t\t\t<div class=\"elementor-widget-container\">\n\t\t\t\t\t\t\t\t\t\t\t\t\t\t\t<img decoding=\"async\" width=\"1000\" height=\"1584\" src=\"https:\/\/torreblancainteriorismo.com\/wp-content\/uploads\/2025\/09\/Servicios-interior-restaurante.webp\" class=\"attachment-full size-full wp-image-404\" alt=\"\" srcset=\"https:\/\/torreblancainteriorismo.com\/wp-content\/uploads\/2025\/09\/Servicios-interior-restaurante.webp 1000w, https:\/\/torreblancainteriorismo.com\/wp-content\/uploads\/2025\/09\/Servicios-interior-restaurante-189x300.webp 189w, https:\/\/torreblancainteriorismo.com\/wp-content\/uploads\/2025\/09\/Servicios-interior-restaurante-646x1024.webp 646w, https:\/\/torreblancainteriorismo.com\/wp-content\/uploads\/2025\/09\/Servicios-interior-restaurante-768x1217.webp 768w, https:\/\/torreblancainteriorismo.com\/wp-content\/uploads\/2025\/09\/Servicios-interior-restaurante-970x1536.webp 970w\" sizes=\"(max-width: 1000px) 100vw, 1000px\" \/>\t\t\t\t\t\t\t\t\t\t\t\t\t\t\t<\/div>\n\t\t\t\t<\/div>\n\t\t\t\t\t<\/div>\n\t\t<\/div>\n\t\t\t\t<div class=\"elementor-column elementor-col-33 elementor-top-column elementor-element elementor-element-62eba1f\" data-id=\"62eba1f\" data-element_type=\"column\">\n\t\t\t<div class=\"elementor-widget-wrap elementor-element-populated\">\n\t\t\t\t\t\t<div class=\"elementor-element elementor-element-bcad718 elementor-invisible elementor-widget elementor-widget-heading\" data-id=\"bcad718\" data-element_type=\"widget\" data-settings=\"{&quot;_animation&quot;:&quot;fadeIn&quot;}\" data-widget_type=\"heading.default\">\n\t\t\t\t<div class=\"elementor-widget-container\">\n\t\t\t\t\t<h2 class=\"elementor-heading-title elementor-size-default\">Busqueu assessorament en interiorisme?<\/h2>\t\t\t\t<\/div>\n\t\t\t\t<\/div>\n\t\t\t\t<div class=\"elementor-element elementor-element-1aba2ae elementor-invisible elementor-widget elementor-widget-text-editor\" data-id=\"1aba2ae\" data-element_type=\"widget\" data-settings=\"{&quot;_animation&quot;:&quot;fadeIn&quot;}\" data-widget_type=\"text-editor.default\">\n\t\t\t\t<div class=\"elementor-widget-container\">\n\t\t\t\t\t\t\t\t\t<p>El nostre equip de professionals us acompanya des de la primera idea fins al lliurament final del projecte, guiant-vos amb solucions pr\u00e0ctiques, est\u00e8tiques i personalitzades. Escoltem les vostres necessitats i les convertim en espais on us sentiu realment vosaltres.<\/p><p>Realitzem reformes integrals de cuines, banys, habitatges complets i espais exteriors, cuidant cada fase del proc\u00e9s: des del disseny, l&#8217;elecci\u00f3 de materials, il\u00b7luminaci\u00f3 i distribuci\u00f3, fins a la coordinaci\u00f3 de gremis i execuci\u00f3 final. Ens comprometem amb la qualitat, el compliment de terminis i la m\u00e0xima satisfacci\u00f3 del client.<\/p><p>Tamb\u00e9 comptem amb una \u00e0mplia experi\u00e8ncia en disseny d&#8217;interiors comercials, especialment en restaurants, oficines, botigues i espais corporatius, on busquem transmetre la identitat de marca a trav\u00e9s d&#8217;ambients funcionals, atractius i memorables per al client final.<\/p><p>A Torreblanca Interiorisme creiem que cada espai t\u00e9 una hist\u00f2ria per explicar, i el nostre treball \u00e9s ajudar-vos a escriure-la. Ja sigui que necessiteu una reforma puntual o un projecte integral clau en m\u00e0, som aqu\u00ed per fer-ho realitat.<\/p>\t\t\t\t\t\t\t\t<\/div>\n\t\t\t\t<\/div>\n\t\t\t\t\t<\/div>\n\t\t<\/div>\n\t\t\t\t<div class=\"elementor-column elementor-col-33 elementor-top-column elementor-element elementor-element-dbaf36e\" data-id=\"dbaf36e\" data-element_type=\"column\">\n\t\t\t<div class=\"elementor-widget-wrap elementor-element-populated\">\n\t\t\t\t\t\t<div class=\"elementor-element elementor-element-2064b50 elementor-invisible elementor-widget elementor-widget-image\" data-id=\"2064b50\" data-element_type=\"widget\" data-settings=\"{&quot;_animation&quot;:&quot;fadeInUp&quot;}\" data-widget_type=\"image.default\">\n\t\t\t\t<div class=\"elementor-widget-container\">\n\t\t\t\t\t\t\t\t\t\t\t\t\t\t\t<img decoding=\"async\" width=\"1000\" height=\"1587\" src=\"https:\/\/torreblancainteriorismo.com\/wp-content\/uploads\/2025\/09\/Servicios-cocina.webp\" class=\"attachment-full size-full wp-image-405\" alt=\"\" srcset=\"https:\/\/torreblancainteriorismo.com\/wp-content\/uploads\/2025\/09\/Servicios-cocina.webp 1000w, https:\/\/torreblancainteriorismo.com\/wp-content\/uploads\/2025\/09\/Servicios-cocina-189x300.webp 189w, https:\/\/torreblancainteriorismo.com\/wp-content\/uploads\/2025\/09\/Servicios-cocina-645x1024.webp 645w, https:\/\/torreblancainteriorismo.com\/wp-content\/uploads\/2025\/09\/Servicios-cocina-768x1219.webp 768w, https:\/\/torreblancainteriorismo.com\/wp-content\/uploads\/2025\/09\/Servicios-cocina-968x1536.webp 968w\" sizes=\"(max-width: 1000px) 100vw, 1000px\" \/>\t\t\t\t\t\t\t\t\t\t\t\t\t\t\t<\/div>\n\t\t\t\t<\/div>\n\t\t\t\t\t<\/div>\n\t\t<\/div>\n\t\t\t\t\t<\/div>\n\t\t<\/section>\n\t\t\t\t<section class=\"elementor-section elementor-top-section elementor-element elementor-element-163ef08 elementor-section-full_width elementor-hidden-desktop elementor-section-height-default elementor-section-height-default\" data-id=\"163ef08\" data-element_type=\"section\" data-settings=\"{&quot;background_background&quot;:&quot;classic&quot;}\">\n\t\t\t\t\t\t<div class=\"elementor-container elementor-column-gap-default\">\n\t\t\t\t\t<div class=\"elementor-column elementor-col-33 elementor-top-column elementor-element elementor-element-af3c34b\" data-id=\"af3c34b\" data-element_type=\"column\">\n\t\t\t<div class=\"elementor-widget-wrap elementor-element-populated\">\n\t\t\t\t\t\t<div class=\"elementor-element elementor-element-87ebc98 elementor-invisible elementor-widget elementor-widget-heading\" data-id=\"87ebc98\" data-element_type=\"widget\" data-settings=\"{&quot;_animation&quot;:&quot;fadeIn&quot;}\" data-widget_type=\"heading.default\">\n\t\t\t\t<div class=\"elementor-widget-container\">\n\t\t\t\t\t<h2 class=\"elementor-heading-title elementor-size-default\">Busqueu assessorament en interiorisme?<\/h2>\t\t\t\t<\/div>\n\t\t\t\t<\/div>\n\t\t\t\t<div class=\"elementor-element elementor-element-7de518a elementor-invisible elementor-widget elementor-widget-text-editor\" data-id=\"7de518a\" data-element_type=\"widget\" data-settings=\"{&quot;_animation&quot;:&quot;fadeIn&quot;}\" data-widget_type=\"text-editor.default\">\n\t\t\t\t<div class=\"elementor-widget-container\">\n\t\t\t\t\t\t\t\t\t<p>El nostre equip de professionals us acompanya des de la primera idea fins al lliurament final del projecte, guiant-vos amb solucions pr\u00e0ctiques, est\u00e8tiques i personalitzades. Escoltem les vostres necessitats i les convertim en espais on us sentiu realment vosaltres.<\/p><p>Realitzem reformes integrals de cuines, banys, habitatges complets i espais exteriors, cuidant cada fase del proc\u00e9s: des del disseny, l&#8217;elecci\u00f3 de materials, il\u00b7luminaci\u00f3 i distribuci\u00f3, fins a la coordinaci\u00f3 de gremis i execuci\u00f3 final. Ens comprometem amb la qualitat, el compliment de terminis i la m\u00e0xima satisfacci\u00f3 del client.<\/p><p>Tamb\u00e9 comptem amb una \u00e0mplia experi\u00e8ncia en disseny d&#8217;interiors comercials, especialment en restaurants, oficines, botigues i espais corporatius, on busquem transmetre la identitat de marca a trav\u00e9s d&#8217;ambients funcionals, atractius i memorables per al client final.<\/p><p>A Torreblanca Interiorisme creiem que cada espai t\u00e9 una hist\u00f2ria per explicar, i el nostre treball \u00e9s ajudar-vos a escriure-la. Ja sigui que necessiteu una reforma puntual o un projecte integral clau en m\u00e0, som aqu\u00ed per fer-ho realitat.<\/p>\t\t\t\t\t\t\t\t<\/div>\n\t\t\t\t<\/div>\n\t\t\t\t\t<\/div>\n\t\t<\/div>\n\t\t\t\t<div class=\"elementor-column elementor-col-33 elementor-top-column elementor-element elementor-element-1a22c79\" data-id=\"1a22c79\" data-element_type=\"column\">\n\t\t\t<div class=\"elementor-widget-wrap elementor-element-populated\">\n\t\t\t\t\t\t<div class=\"elementor-element elementor-element-e9b9e5c elementor-invisible elementor-widget elementor-widget-image\" data-id=\"e9b9e5c\" data-element_type=\"widget\" data-settings=\"{&quot;_animation&quot;:&quot;fadeInUp&quot;}\" data-widget_type=\"image.default\">\n\t\t\t\t<div class=\"elementor-widget-container\">\n\t\t\t\t\t\t\t\t\t\t\t\t\t\t\t<img decoding=\"async\" width=\"1000\" height=\"1584\" src=\"https:\/\/torreblancainteriorismo.com\/wp-content\/uploads\/2025\/09\/Servicios-interior-restaurante.webp\" class=\"attachment-full size-full wp-image-404\" alt=\"\" srcset=\"https:\/\/torreblancainteriorismo.com\/wp-content\/uploads\/2025\/09\/Servicios-interior-restaurante.webp 1000w, https:\/\/torreblancainteriorismo.com\/wp-content\/uploads\/2025\/09\/Servicios-interior-restaurante-189x300.webp 189w, https:\/\/torreblancainteriorismo.com\/wp-content\/uploads\/2025\/09\/Servicios-interior-restaurante-646x1024.webp 646w, https:\/\/torreblancainteriorismo.com\/wp-content\/uploads\/2025\/09\/Servicios-interior-restaurante-768x1217.webp 768w, https:\/\/torreblancainteriorismo.com\/wp-content\/uploads\/2025\/09\/Servicios-interior-restaurante-970x1536.webp 970w\" sizes=\"(max-width: 1000px) 100vw, 1000px\" \/>\t\t\t\t\t\t\t\t\t\t\t\t\t\t\t<\/div>\n\t\t\t\t<\/div>\n\t\t\t\t\t<\/div>\n\t\t<\/div>\n\t\t\t\t<div class=\"elementor-column elementor-col-33 elementor-top-column elementor-element elementor-element-5b31c94\" data-id=\"5b31c94\" data-element_type=\"column\">\n\t\t\t<div class=\"elementor-widget-wrap elementor-element-populated\">\n\t\t\t\t\t\t<div class=\"elementor-element elementor-element-3ae28a3 elementor-invisible elementor-widget elementor-widget-image\" data-id=\"3ae28a3\" data-element_type=\"widget\" data-settings=\"{&quot;_animation&quot;:&quot;fadeInUp&quot;}\" data-widget_type=\"image.default\">\n\t\t\t\t<div class=\"elementor-widget-container\">\n\t\t\t\t\t\t\t\t\t\t\t\t\t\t\t<img decoding=\"async\" width=\"1000\" height=\"1587\" src=\"https:\/\/torreblancainteriorismo.com\/wp-content\/uploads\/2025\/09\/Servicios-cocina.webp\" class=\"attachment-full size-full wp-image-405\" alt=\"\" srcset=\"https:\/\/torreblancainteriorismo.com\/wp-content\/uploads\/2025\/09\/Servicios-cocina.webp 1000w, https:\/\/torreblancainteriorismo.com\/wp-content\/uploads\/2025\/09\/Servicios-cocina-189x300.webp 189w, https:\/\/torreblancainteriorismo.com\/wp-content\/uploads\/2025\/09\/Servicios-cocina-645x1024.webp 645w, https:\/\/torreblancainteriorismo.com\/wp-content\/uploads\/2025\/09\/Servicios-cocina-768x1219.webp 768w, https:\/\/torreblancainteriorismo.com\/wp-content\/uploads\/2025\/09\/Servicios-cocina-968x1536.webp 968w\" sizes=\"(max-width: 1000px) 100vw, 1000px\" \/>\t\t\t\t\t\t\t\t\t\t\t\t\t\t\t<\/div>\n\t\t\t\t<\/div>\n\t\t\t\t\t<\/div>\n\t\t<\/div>\n\t\t\t\t\t<\/div>\n\t\t<\/section>\n\t\t\t\t<\/div>\n\t\t","protected":false},"excerpt":{"rendered":"<p>Serveis Torreblanca interiorisme Benvinguts a Torreblanca Interiorisme, on transformem espais en llocs \u00fanics, funcionals i amb \u00e0nima pr\u00f2pia. Ens especialitzem en projectes d&#8217;interiorisme a mida, tant per a particulars com per a negocis, posant passi\u00f3, creativitat i comprom\u00eds en cada detall. Busqueu assessorament en interiorisme? El nostre equip de professionals us acompanya des de la [&hellip;]<\/p>\n","protected":false},"author":1,"featured_media":0,"parent":0,"menu_order":0,"comment_status":"closed","ping_status":"closed","template":"","meta":{"_acf_changed":false,"footnotes":""},"class_list":["post-406","page","type-page","status-publish","hentry"],"acf":[],"_links":{"self":[{"href":"https:\/\/torreblancainteriorismo.com\/ca\/wp-json\/wp\/v2\/pages\/406","targetHints":{"allow":["GET"]}}],"collection":[{"href":"https:\/\/torreblancainteriorismo.com\/ca\/wp-json\/wp\/v2\/pages"}],"about":[{"href":"https:\/\/torreblancainteriorismo.com\/ca\/wp-json\/wp\/v2\/types\/page"}],"author":[{"embeddable":true,"href":"https:\/\/torreblancainteriorismo.com\/ca\/wp-json\/wp\/v2\/users\/1"}],"replies":[{"embeddable":true,"href":"https:\/\/torreblancainteriorismo.com\/ca\/wp-json\/wp\/v2\/comments?post=406"}],"version-history":[{"count":1,"href":"https:\/\/torreblancainteriorismo.com\/ca\/wp-json\/wp\/v2\/pages\/406\/revisions"}],"predecessor-version":[{"id":407,"href":"https:\/\/torreblancainteriorismo.com\/ca\/wp-json\/wp\/v2\/pages\/406\/revisions\/407"}],"wp:attachment":[{"href":"https:\/\/torreblancainteriorismo.com\/ca\/wp-json\/wp\/v2\/media?parent=406"}],"curies":[{"name":"wp","href":"https:\/\/api.w.org\/{rel}","templated":true}]}}